{"id":1927,"date":"2023-07-11T14:35:50","date_gmt":"2023-07-11T14:35:50","guid":{"rendered":"https:\/\/www.giteethicsimpleetchic.com\/?page_id=1927"},"modified":"2024-01-16T11:39:48","modified_gmt":"2024-01-16T11:39:48","slug":"conditions-generales-de-vente","status":"publish","type":"page","link":"https:\/\/www.giteethicsimpleetchic.com\/en\/conditions-generales-de-vente\/","title":{"rendered":"Terms of Sales"},"content":{"rendered":"<div data-elementor-type=\"wp-page\" data-elementor-id=\"1927\" class=\"elementor elementor-1927\" data-elementor-post-type=\"page\">\n\t\t\t\t<div class=\"elementor-element elementor-element-ff3d04c e-flex e-con-boxed e-con e-parent\" data-id=\"ff3d04c\" data-element_type=\"container\" data-e-type=\"container\" data-settings=\"{&quot;background_background&quot;:&quot;classic&quot;}\">\n\t\t\t\t\t<div class=\"e-con-inner\">\n\t\t\t\t<div class=\"elementor-element elementor-element-4eefa28 elementor-widget elementor-widget-heading\" data-id=\"4eefa28\" data-element_type=\"widget\" data-e-type=\"widget\" data-widget_type=\"heading.default\">\n\t\t\t\t<div class=\"elementor-widget-container\">\n\t\t\t\t\t<h1 class=\"elementor-heading-title elementor-size-default\">Terms of Sales<\/h1>\t\t\t\t<\/div>\n\t\t\t\t<\/div>\n\t\t\t\t<div class=\"elementor-element elementor-element-b630520 elementor-widget elementor-widget-heading\" data-id=\"b630520\" data-element_type=\"widget\" data-e-type=\"widget\" data-widget_type=\"heading.default\">\n\t\t\t\t<div class=\"elementor-widget-container\">\n\t\t\t\t\t<h2 class=\"elementor-heading-title elementor-size-default\">G\u00eete \u00c9thic Simple &amp; Chic<\/h2>\t\t\t\t<\/div>\n\t\t\t\t<\/div>\n\t\t\t\t\t<\/div>\n\t\t\t\t<\/div>\n\t\t\t\t<section class=\"elementor-section elementor-top-section elementor-element elementor-element-f937301 elementor-section-boxed elementor-section-height-default elementor-section-height-default\" data-id=\"f937301\" data-element_type=\"section\" data-e-type=\"section\">\n\t\t\t\t\t\t<div class=\"elementor-container elementor-column-gap-default\">\n\t\t\t\t\t<div class=\"elementor-column elementor-col-100 elementor-top-column elementor-element elementor-element-6c3d659\" data-id=\"6c3d659\" data-element_type=\"column\" data-e-type=\"column\">\n\t\t\t<div class=\"elementor-widget-wrap elementor-element-populated\">\n\t\t\t\t\t\t<div class=\"elementor-element elementor-element-28c8d37 elementor-widget elementor-widget-text-editor\" data-id=\"28c8d37\" data-element_type=\"widget\" data-e-type=\"widget\" data-widget_type=\"text-editor.default\">\n\t\t\t\t<div class=\"elementor-widget-container\">\n\t\t\t\t\t\t\t\t\t<p><\/p>\n<div data-id=\"c9a020e\" data-element_type=\"widget\" data-widget_type=\"text-editor.default\">\n<div>\n<p><strong>Updates: May 2023<\/strong><\/p>\n<\/div>\n<\/div>\n<div data-id=\"d3fed60\" data-element_type=\"widget\" data-widget_type=\"text-editor.default\">\n<h3 class=\"wp-block-heading\">General conditions of sale for products and services sold on the G\u00eete Ethic Simple &amp; Chic website<\/h3>\n<h5><strong>Article 1: object<\/strong><\/h5>\n<p>These conditions govern sales by the company G\u00eete Ethic Simple &amp; Chic 1480 RTE DE L&#039;HOSPITALET 46090 LABASTIDE-MARNHAC of online tourist accommodation reservations.<\/p>\n<h5><strong>Article 2 \u2013 Price<\/strong><\/h5>\n<p>The prices of our products are indicated in euros, all taxes included (VAT and other taxes applicable on the day of the order), unless otherwise indicated and excluding processing and shipping costs.<\/p>\n<p>In the event of an order to a country other than mainland France, you are the importer of the product(s) concerned. Customs duties or other local taxes or import duties or state taxes may be payable. These rights and sums do not fall within the responsibility of the company <strong>G\u00eete Ethic Simple &amp; Chic<\/strong>. They will be your responsibility and are your entire responsibility, both in terms of declarations and payments to the competent authorities and organizations in your country. We advise you to inquire about these aspects with your local authorities.<\/p>\n<p>All orders regardless of their origin are payable in euros. &nbsp;<\/p>\n<p>The society <strong>G\u00eete Ethic Simple &amp; Chic<\/strong> reserves the right to modify its prices at any time, but the product will be invoiced on the basis of the price in force at the time of validation of the order and subject to availability.<\/p>\n<p>The products remain the property of the company <strong>G\u00eete Ethic Simple &amp; Chic<\/strong> until full payment of the price.<\/p>\n<p>Please note: as soon as you take physical possession of the products ordered, the risk of loss or damage to the products is transferred to you.<\/p>\n<h5><strong>Article 3 \u2013 Orders<\/strong><\/h5>\n<p>You can order:&nbsp;<\/p>\n<p>On the Internet :&nbsp;<a href=\"http:\/\/www.giteethicsimpleetchic.com\/en\/\" target=\"_blank\" rel=\"noopener noreferrer\">http:\/\/www.giteethicsimpleetchic.com<\/a> via the Elloha platform<\/p>\n<p>The contractual information is presented in French and will be confirmed at the latest when your order is validated. &nbsp;<\/p>\n<p>The society <strong>G\u00eete Ethic Simple &amp; Chic<\/strong> reserves the right not to record a payment, and not to confirm an order for any reason whatsoever, and more particularly in the event of a supply problem, or in the event of difficulty concerning the order received.<\/p>\n<h5><strong>Article 4 \u2013 Validation of your order<\/strong><\/h5>\n<p>Any order appearing on the website <a href=\"http:\/\/www.giteethicsimpleetchic.com\/en\/\" target=\"_blank\" rel=\"noopener noreferrer\">http:\/\/www.giteethicsimpleetchic.com<\/a> assumes adherence to these General Conditions. Any order confirmation implies your full and complete acceptance of these general conditions of sale, without exception or reservation.<\/p>\n<p>All the data provided and the recorded confirmation will constitute proof of the transaction.<\/p>\n<p>You declare that you have perfect knowledge of it.<\/p>\n<p>The order confirmation will constitute signature and acceptance of the operations carried out.<\/p>\n<p>A summary of the information in your order and these General Conditions will be communicated to you via the email address confirming your order.<\/p>\n<h5><strong>Article 5 \u2013 Payment<\/strong><\/h5>\n<p>The fact of validating your order implies for you the obligation to pay the price indicated.<\/p>\n<p>Payment for your purchases is made by credit card using the secure Elloha system.<\/p>\n<p>The card is only debited when the order is shipped. In the event of split deliveries, only the products shipped are debited.<\/p>\n<h5><strong>Article 6 \u2013 No right of withdrawal<\/strong><\/h5>\n<p>Article L. 221-28 of the Consumer Code provides that the right of withdrawal cannot be exercised for contracts for the provision of accommodation services, other than residential accommodation, transport services of goods, rentals car, catering or leisure activities which must be provided on a specific date or period. Article L. 221-2 of the Consumer Code also excludes this option for passenger transport and tourist packages. <b>G\u00eete Ethic Simple &amp; Chic<\/b> takes advantage of this absence of right of withdrawal and indicates that for all services falling within the scope of article L. 221-28 or L. 221-2 of the Consumer Code.<\/p>\n<p>The Customer will have no right of withdrawal.&nbsp;<\/p>\n<h5><strong>Article 7 \u2013 Availability<\/strong><\/h5>\n<p>Our products are offered as long as they are visible on the site <a href=\"http:\/\/www.giteethicsimpleetchic.com\/en\/\" target=\"_blank\" rel=\"noopener noreferrer\">http:\/\/www.giteethicsimpleetchic.com<\/a> and while stocks last. For non-stocked products, our offers are valid subject to availability.<\/p>\n<p>If stocks and\/or dates are unavailable after placing your order, we will inform you by email. Your order will be automatically canceled and no bank debit will be made.<\/p>\n<p>In addition, the website <a href=\"http:\/\/www.giteethicsimpleetchic.com\/en\/\" target=\"_blank\" rel=\"noopener noreferrer\">http:\/\/www.giteethicsimpleetchic.com<\/a> is not intended to sell its products in large quantities. Therefore the company <strong>G\u00eete Ethic Simple &amp; Chic<\/strong>&nbsp;reserves the right to refuse orders for identical items.<\/p>\n<h5><strong>Article 8 \u2013 Delivery<\/strong><\/h5>\n<p>The products, possibly gift vouchers, are delivered to the delivery address indicated during the order process, within the time limit indicated on the order validation page.<\/p>\n<p>In the event of a shipping delay, an email will be sent to you to inform you of a possible impact on the delivery time indicated to you. &nbsp;<\/p>\n<p>In accordance with legal provisions, in the event of late delivery, you have the option of canceling the order under the conditions and procedures defined in article L 138-2 of the Consumer Code. If in the meantime you receive the product we will reimburse it and the delivery costs under the conditions of article L 138-3 of the Consumer Code.<\/p>\n<p>In the event of deliveries by a carrier, the company <strong>G\u00eete Ethic Simple &amp; Chic<\/strong> cannot be held responsible for late delivery due exclusively to unavailability of the customer after several appointment proposals.<\/p>\n<h5><strong>Article 9 \u2013 Gift card guarantee<\/strong><\/h5>\n<p>As with the purchase of any other item online, with some exceptions, the Customer has the right of withdrawal for 14 days from the date of receipt of the gift card.<\/p>\n<p>Before the withdrawal period expires, the Customer must send the seller a written letter with acknowledgment of receipt expressing his desire to withdraw and return the gift card, which will be canceled. The company <b>G\u00eete Ethic Simple &amp; Chic<\/b> must then reimburse the entire amount paid by the Customer.<\/p>\n<p>Gift cards may have an expiry date. In France, this period often lasts a year. Once this date has passed, the merchant is not obliged to replace it at the consumer&#039;s request.<\/p>\n<p>In the event of loss or theft, the company <strong>G\u00eete Ethic Simple &amp; Chic<\/strong> is not required to replace the gift card or reimburse the Customer for the purchase value of the card.<\/p>\n<p>In the event of a dispute with the company <strong>G\u00eete Ethic Simple &amp; Chic<\/strong>, the Customer can contact him in writing to try to resolve the problem amicably.<\/p>\n<h5><strong>Article 10 \u2013 Liability<\/strong><\/h5>\n<p>The products and services offered comply with current French legislation. The responsibility of society <strong>G\u00eete Ethic Simple &amp; Chic<\/strong> cannot be held liable in the event of non-compliance with the legislation of the country where the product is delivered. It is your responsibility to check with local authorities the possibilities of importing or using the products or services you plan to order.<\/p>\n<p>Furthermore, the company <strong>G\u00eete Ethic Simple &amp; Chic<\/strong>&nbsp;cannot be held responsible for damage resulting from improper use of the purchased product.<\/p>\n<p>Finally, the responsibility of society <strong>G\u00eete Ethic Simple &amp; Chic<\/strong> cannot be held liable for any inconveniences or damages inherent to the use of the Internet network, in particular a service outage, an external intrusion or the presence of computer viruses.<\/p>\n<h5><strong>Article 11 \u2013 Applicable law in the event of disputes<\/strong><\/h5>\n<p>The language of this contract is French. These conditions of sale are subject to French law. In the event of a dispute, the French courts will have sole jurisdiction.<\/p>\n<h5><strong>Article 12 \u2013 Intellectual property<\/strong><\/h5>\n<p>All elements of the site <a href=\"http:\/\/www.giteethicsimpleetchic.com\/en\/\" target=\"_blank\" rel=\"noopener noreferrer\">http:\/\/www.giteethicsimpleetchic.com<\/a> are and remain the intellectual and exclusive property of the company <strong>G\u00eete Ethic Simple &amp; Chic<\/strong>. No one is authorized to reproduce, exploit, rebroadcast, or use for any reason whatsoever, even partially, elements of the site, whether textual, visual, sound, software, etc. Any simple or hypertext link is strictly prohibited without express written consent of the company <strong>G\u00eete Ethic Simple &amp; Chic<\/strong>. &nbsp;<\/p>\n<h5><strong>Article 13 \u2013 Personal data<\/strong><\/h5>\n<p>The society <strong>G\u00eete Ethic Simple &amp; Chic<\/strong> reserves the right to collect nominative information and personal data concerning you. They are necessary to manage your order, as well as to improve the services and information that we send to you. &nbsp;<\/p>\n<p>They may also be transmitted to companies that contribute to these relationships, such as those responsible for the execution of services and orders for their management, execution, processing and payment. &nbsp;<\/p>\n<p>This information and data is also kept for security purposes, in order to comply with legal and regulatory obligations. &nbsp;<\/p>\n<p>In accordance with the law of January 6, 1978, you have the right to access, rectify and oppose personal information and personal data concerning you, directly on the website.<\/p>\n<h5><strong>Article 14 \u2013 Archiving<\/strong><\/h5>\n<p>The society <strong>G\u00eete Ethic Simple &amp; Chic<\/strong> will archive purchase orders and invoices on a reliable and durable medium constituting a faithful copy in accordance with the provisions of article 1348 of the Civil Code. &nbsp;<\/p>\n<p>Computerized company records <strong>G\u00eete Ethic Simple &amp; Chic<\/strong>&nbsp;will be considered by all parties concerned as proof of communications, orders, payments and transactions between the parties.<\/p>\n<\/div>\t\t\t\t\t\t\t\t<\/div>\n\t\t\t\t<\/div>\n\t\t\t\t\t<\/div>\n\t\t<\/div>\n\t\t\t\t\t<\/div>\n\t\t<\/section>\n\t\t\t\t<\/div>","protected":false},"excerpt":{"rendered":"<p>Conditions G\u00e9n\u00e9rales de Vente G\u00eete \u00c9thic Simple &#038; Chic Mises \u00e0 jour : mai 2023 Conditions g\u00e9n\u00e9rales de vente des produits et services vendus sur le site internet G\u00eete Ethic Simple &amp; Chic Article 1 &#8211; Objet Les pr\u00e9sentes conditions r\u00e9gissent les ventes par la soci\u00e9t\u00e9 G\u00eete Ethic Simple &amp; Chic 1480 RTE DE L\u2019HOSPITALET [&hellip;]<\/p>\n","protected":false},"author":2,"featured_media":0,"parent":0,"menu_order":0,"comment_status":"closed","ping_status":"closed","template":"","meta":{"footnotes":""},"class_list":["post-1927","page","type-page","status-publish","hentry"],"yoast_head":"<!-- This site is optimized with the Yoast SEO plugin v27.4 - https:\/\/yoast.com\/product\/yoast-seo-wordpress\/ -->\n<title>Conditions g\u00e9n\u00e9rales de vente - G\u00eete Ethic<\/title>\n<meta name=\"robots\" content=\"index, follow, max-snippet:-1, max-image-preview:large, max-video-preview:-1\" \/>\n<link rel=\"canonical\" href=\"https:\/\/www.giteethicsimpleetchic.com\/en\/conditions-generales-de-vente\/\" \/>\n<meta property=\"og:locale\" content=\"en_GB\" \/>\n<meta property=\"og:type\" content=\"article\" \/>\n<meta property=\"og:title\" content=\"Conditions g\u00e9n\u00e9rales de vente - G\u00eete Ethic\" \/>\n<meta property=\"og:description\" content=\"Conditions G\u00e9n\u00e9rales de Vente G\u00eete \u00c9thic Simple &#038; Chic Mises \u00e0 jour : mai 2023 Conditions g\u00e9n\u00e9rales de vente des produits et services vendus sur le site internet G\u00eete Ethic Simple &amp; Chic Article 1 &#8211; Objet Les pr\u00e9sentes conditions r\u00e9gissent les ventes par la soci\u00e9t\u00e9 G\u00eete Ethic Simple &amp; Chic 1480 RTE DE L\u2019HOSPITALET [&hellip;]\" \/>\n<meta property=\"og:url\" content=\"https:\/\/www.giteethicsimpleetchic.com\/en\/conditions-generales-de-vente\/\" \/>\n<meta property=\"og:site_name\" content=\"G\u00eete Ethic\" \/>\n<meta property=\"article:modified_time\" content=\"2024-01-16T11:39:48+00:00\" \/>\n<meta name=\"twitter:card\" content=\"summary_large_image\" \/>\n<meta name=\"twitter:label1\" content=\"Estimated reading time\" \/>\n\t<meta name=\"twitter:data1\" content=\"8 minutes\" \/>\n<script type=\"application\/ld+json\" class=\"yoast-schema-graph\">{\"@context\":\"https:\\\/\\\/schema.org\",\"@graph\":[{\"@type\":\"WebPage\",\"@id\":\"https:\\\/\\\/www.giteethicsimpleetchic.com\\\/conditions-generales-de-vente\\\/\",\"url\":\"https:\\\/\\\/www.giteethicsimpleetchic.com\\\/conditions-generales-de-vente\\\/\",\"name\":\"Conditions g\u00e9n\u00e9rales de vente - G\u00eete Ethic\",\"isPartOf\":{\"@id\":\"https:\\\/\\\/www.giteethicsimpleetchic.com\\\/#website\"},\"datePublished\":\"2023-07-11T14:35:50+00:00\",\"dateModified\":\"2024-01-16T11:39:48+00:00\",\"breadcrumb\":{\"@id\":\"https:\\\/\\\/www.giteethicsimpleetchic.com\\\/conditions-generales-de-vente\\\/#breadcrumb\"},\"inLanguage\":\"en-GB\",\"potentialAction\":[{\"@type\":\"ReadAction\",\"target\":[\"https:\\\/\\\/www.giteethicsimpleetchic.com\\\/conditions-generales-de-vente\\\/\"]}]},{\"@type\":\"BreadcrumbList\",\"@id\":\"https:\\\/\\\/www.giteethicsimpleetchic.com\\\/conditions-generales-de-vente\\\/#breadcrumb\",\"itemListElement\":[{\"@type\":\"ListItem\",\"position\":1,\"name\":\"Accueil\",\"item\":\"https:\\\/\\\/www.giteethicsimpleetchic.com\\\/\"},{\"@type\":\"ListItem\",\"position\":2,\"name\":\"Conditions g\u00e9n\u00e9rales de vente\"}]},{\"@type\":\"WebSite\",\"@id\":\"https:\\\/\\\/www.giteethicsimpleetchic.com\\\/#website\",\"url\":\"https:\\\/\\\/www.giteethicsimpleetchic.com\\\/\",\"name\":\"G\u00eete Ethic\",\"description\":\"Simple &amp; Chic\",\"publisher\":{\"@id\":\"https:\\\/\\\/www.giteethicsimpleetchic.com\\\/#organization\"},\"potentialAction\":[{\"@type\":\"SearchAction\",\"target\":{\"@type\":\"EntryPoint\",\"urlTemplate\":\"https:\\\/\\\/www.giteethicsimpleetchic.com\\\/?s={search_term_string}\"},\"query-input\":{\"@type\":\"PropertyValueSpecification\",\"valueRequired\":true,\"valueName\":\"search_term_string\"}}],\"inLanguage\":\"en-GB\"},{\"@type\":\"Organization\",\"@id\":\"https:\\\/\\\/www.giteethicsimpleetchic.com\\\/#organization\",\"name\":\"G\u00eete Ethic\",\"url\":\"https:\\\/\\\/www.giteethicsimpleetchic.com\\\/\",\"logo\":{\"@type\":\"ImageObject\",\"inLanguage\":\"en-GB\",\"@id\":\"https:\\\/\\\/www.giteethicsimpleetchic.com\\\/#\\\/schema\\\/logo\\\/image\\\/\",\"url\":\"https:\\\/\\\/www.giteethicsimpleetchic.com\\\/wp-content\\\/uploads\\\/2023\\\/05\\\/Logo-Gite-Ethic-Simple-et-Chic-Illustration.png\",\"contentUrl\":\"https:\\\/\\\/www.giteethicsimpleetchic.com\\\/wp-content\\\/uploads\\\/2023\\\/05\\\/Logo-Gite-Ethic-Simple-et-Chic-Illustration.png\",\"width\":6612,\"height\":6732,\"caption\":\"G\u00eete Ethic\"},\"image\":{\"@id\":\"https:\\\/\\\/www.giteethicsimpleetchic.com\\\/#\\\/schema\\\/logo\\\/image\\\/\"}}]}<\/script>\n<!-- \/ Yoast SEO plugin. -->","yoast_head_json":{"title":"General conditions of sale - G\u00eete Ethic","robots":{"index":"index","follow":"follow","max-snippet":"max-snippet:-1","max-image-preview":"max-image-preview:large","max-video-preview":"max-video-preview:-1"},"canonical":"https:\/\/www.giteethicsimpleetchic.com\/en\/conditions-generales-de-vente\/","og_locale":"en_GB","og_type":"article","og_title":"Conditions g\u00e9n\u00e9rales de vente - G\u00eete Ethic","og_description":"Conditions G\u00e9n\u00e9rales de Vente G\u00eete \u00c9thic Simple &#038; Chic Mises \u00e0 jour : mai 2023 Conditions g\u00e9n\u00e9rales de vente des produits et services vendus sur le site internet G\u00eete Ethic Simple &amp; Chic Article 1 &#8211; Objet Les pr\u00e9sentes conditions r\u00e9gissent les ventes par la soci\u00e9t\u00e9 G\u00eete Ethic Simple &amp; Chic 1480 RTE DE L\u2019HOSPITALET [&hellip;]","og_url":"https:\/\/www.giteethicsimpleetchic.com\/en\/conditions-generales-de-vente\/","og_site_name":"G\u00eete Ethic","article_modified_time":"2024-01-16T11:39:48+00:00","twitter_card":"summary_large_image","twitter_misc":{"Estimated reading time":"8 minutes"},"schema":{"@context":"https:\/\/schema.org","@graph":[{"@type":"WebPage","@id":"https:\/\/www.giteethicsimpleetchic.com\/conditions-generales-de-vente\/","url":"https:\/\/www.giteethicsimpleetchic.com\/conditions-generales-de-vente\/","name":"General conditions of sale - G\u00eete Ethic","isPartOf":{"@id":"https:\/\/www.giteethicsimpleetchic.com\/#website"},"datePublished":"2023-07-11T14:35:50+00:00","dateModified":"2024-01-16T11:39:48+00:00","breadcrumb":{"@id":"https:\/\/www.giteethicsimpleetchic.com\/conditions-generales-de-vente\/#breadcrumb"},"inLanguage":"en-GB","potentialAction":[{"@type":"ReadAction","target":["https:\/\/www.giteethicsimpleetchic.com\/conditions-generales-de-vente\/"]}]},{"@type":"BreadcrumbList","@id":"https:\/\/www.giteethicsimpleetchic.com\/conditions-generales-de-vente\/#breadcrumb","itemListElement":[{"@type":"ListItem","position":1,"name":"Accueil","item":"https:\/\/www.giteethicsimpleetchic.com\/"},{"@type":"ListItem","position":2,"name":"Conditions g\u00e9n\u00e9rales de vente"}]},{"@type":"WebSite","@id":"https:\/\/www.giteethicsimpleetchic.com\/#website","url":"https:\/\/www.giteethicsimpleetchic.com\/","name":"Ethic Gite","description":"Simple &amp; Chic","publisher":{"@id":"https:\/\/www.giteethicsimpleetchic.com\/#organization"},"potentialAction":[{"@type":"SearchAction","target":{"@type":"EntryPoint","urlTemplate":"https:\/\/www.giteethicsimpleetchic.com\/?s={search_term_string}"},"query-input":{"@type":"PropertyValueSpecification","valueRequired":true,"valueName":"search_term_string"}}],"inLanguage":"en-GB"},{"@type":"Organization","@id":"https:\/\/www.giteethicsimpleetchic.com\/#organization","name":"Ethic Gite","url":"https:\/\/www.giteethicsimpleetchic.com\/","logo":{"@type":"ImageObject","inLanguage":"en-GB","@id":"https:\/\/www.giteethicsimpleetchic.com\/#\/schema\/logo\/image\/","url":"https:\/\/www.giteethicsimpleetchic.com\/wp-content\/uploads\/2023\/05\/Logo-Gite-Ethic-Simple-et-Chic-Illustration.png","contentUrl":"https:\/\/www.giteethicsimpleetchic.com\/wp-content\/uploads\/2023\/05\/Logo-Gite-Ethic-Simple-et-Chic-Illustration.png","width":6612,"height":6732,"caption":"G\u00eete Ethic"},"image":{"@id":"https:\/\/www.giteethicsimpleetchic.com\/#\/schema\/logo\/image\/"}}]}},"_links":{"self":[{"href":"https:\/\/www.giteethicsimpleetchic.com\/en\/wp-json\/wp\/v2\/pages\/1927","targetHints":{"allow":["GET"]}}],"collection":[{"href":"https:\/\/www.giteethicsimpleetchic.com\/en\/wp-json\/wp\/v2\/pages"}],"about":[{"href":"https:\/\/www.giteethicsimpleetchic.com\/en\/wp-json\/wp\/v2\/types\/page"}],"author":[{"embeddable":true,"href":"https:\/\/www.giteethicsimpleetchic.com\/en\/wp-json\/wp\/v2\/users\/2"}],"replies":[{"embeddable":true,"href":"https:\/\/www.giteethicsimpleetchic.com\/en\/wp-json\/wp\/v2\/comments?post=1927"}],"version-history":[{"count":18,"href":"https:\/\/www.giteethicsimpleetchic.com\/en\/wp-json\/wp\/v2\/pages\/1927\/revisions"}],"predecessor-version":[{"id":2573,"href":"https:\/\/www.giteethicsimpleetchic.com\/en\/wp-json\/wp\/v2\/pages\/1927\/revisions\/2573"}],"wp:attachment":[{"href":"https:\/\/www.giteethicsimpleetchic.com\/en\/wp-json\/wp\/v2\/media?parent=1927"}],"curies":[{"name":"wp","href":"https:\/\/api.w.org\/{rel}","templated":true}]}}